{"id":31303,"date":"2022-03-24T18:15:47","date_gmt":"2022-03-24T17:15:47","guid":{"rendered":"https:\/\/kanadrinks.com\/shop-kleidung\/"},"modified":"2025-05-27T13:48:51","modified_gmt":"2025-05-27T11:48:51","slug":"shop-kleidung","status":"publish","type":"page","link":"https:\/\/kanadrinks.com\/de\/shop-kleidung\/","title":{"rendered":"SHOP KLEIDUNG"},"content":{"rendered":"\t\t<div data-elementor-type=\"wp-page\" data-elementor-id=\"31303\" class=\"elementor elementor-31303 elementor-29592\" data-elementor-post-type=\"page\">\n\t\t\t\t\t\t<section class=\"elementor-section elementor-top-section elementor-element elementor-element-5dc2792 elementor-section-boxed elementor-section-height-default elementor-section-height-default qodef-elementor-content-no\" data-id=\"5dc2792\" data-element_type=\"section\">\n\t\t\t\t\t\t<div class=\"elementor-container elementor-column-gap-default\">\n\t\t\t\t\t<div class=\"elementor-column elementor-col-100 elementor-top-column elementor-element elementor-element-179834f\" data-id=\"179834f\" data-element_type=\"column\">\n\t\t\t<div class=\"elementor-widget-wrap elementor-element-populated\">\n\t\t\t\t\t\t<div class=\"elementor-element elementor-element-06a7fb9 elementor-widget elementor-widget-heading\" data-id=\"06a7fb9\" data-element_type=\"widget\" data-widget_type=\"heading.default\">\n\t\t\t\t<div class=\"elementor-widget-container\">\n\t\t\t\t\t<h2 class=\"elementor-heading-title elementor-size-default\">Entdecken Sie die Kleidung von Kanadrinks<\/h2>\t\t\t\t<\/div>\n\t\t\t\t<\/div>\n\t\t\t\t<div class=\"elementor-element elementor-element-b8977b3 elementor-hidden-mobile elementor-widget elementor-widget-spacer\" data-id=\"b8977b3\" data-element_type=\"widget\" data-widget_type=\"spacer.default\">\n\t\t\t\t<div class=\"elementor-widget-container\">\n\t\t\t\t\t\t\t<div class=\"elementor-spacer\">\n\t\t\t<div class=\"elementor-spacer-inner\"><\/div>\n\t\t<\/div>\n\t\t\t\t\t\t<\/div>\n\t\t\t\t<\/div>\n\t\t\t\t\t<\/div>\n\t\t<\/div>\n\t\t\t\t\t<\/div>\n\t\t<\/section>\n\t\t\t\t<section class=\"elementor-section elementor-top-section elementor-element elementor-element-ac390f7 qodef-elementor-content-grid qodef-remove-product-category elementor-section-full_width elementor-section-height-default elementor-section-height-default\" data-id=\"ac390f7\" data-element_type=\"section\">\n\t\t\t\t\t\t<div class=\"elementor-container elementor-column-gap-default\">\n\t\t\t\t\t<div class=\"elementor-column elementor-col-100 elementor-top-column elementor-element elementor-element-7a824c7\" data-id=\"7a824c7\" data-element_type=\"column\">\n\t\t\t<div class=\"elementor-widget-wrap elementor-element-populated\">\n\t\t\t\t\t\t<div class=\"elementor-element elementor-element-24e3dbe elementor-widget__width-inherit elementor-widget elementor-widget-singlemalt_core_product_list\" data-id=\"24e3dbe\" data-element_type=\"widget\" data-widget_type=\"singlemalt_core_product_list.default\">\n\t\t\t\t<div class=\"elementor-widget-container\">\n\t\t\t\t\t<div class=\"qodef-shortcode qodef-m  qodef-woo-shortcode qodef-woo-product-list qodef-item-layout--info-below qodef-grid qodef-layout--masonry  qodef-gutter--large qodef-col-num--2 qodef-item-layout--info-below qodef--no-bottom-space qodef-pagination--off qodef-responsive--predefined\" data-options=\"{&quot;plugin&quot;:&quot;singlemalt_core&quot;,&quot;module&quot;:&quot;plugins\\\/woocommerce\\\/shortcodes&quot;,&quot;shortcode&quot;:&quot;product-list&quot;,&quot;post_type&quot;:&quot;product&quot;,&quot;next_page&quot;:&quot;2&quot;,&quot;max_pages_num&quot;:1,&quot;behavior&quot;:&quot;masonry&quot;,&quot;columns&quot;:&quot;2&quot;,&quot;columns_responsive&quot;:&quot;predefined&quot;,&quot;space&quot;:&quot;large&quot;,&quot;posts_per_page&quot;:&quot;30&quot;,&quot;orderby&quot;:&quot;title&quot;,&quot;order&quot;:&quot;DESC&quot;,&quot;additional_params&quot;:&quot;tax&quot;,&quot;tax&quot;:&quot;product_cat&quot;,&quot;tax_slug&quot;:&quot;vetements&quot;,&quot;layout&quot;:&quot;info-below&quot;,&quot;title_tag&quot;:&quot;h4&quot;,&quot;enable_filter&quot;:&quot;no&quot;,&quot;pagination_type&quot;:&quot;no-pagination&quot;,&quot;object_class_name&quot;:&quot;SingleMaltCoreProductListShortcode&quot;,&quot;taxonomy_filter&quot;:&quot;product_cat&quot;,&quot;additional_query_args&quot;:{&quot;tax_query&quot;:[{&quot;taxonomy&quot;:&quot;product_cat&quot;,&quot;field&quot;:&quot;slug&quot;,&quot;terms&quot;:&quot;vetements&quot;}]},&quot;space_value&quot;:25}\">\n\t\t<div class=\"qodef-grid-inner clear\">\n\t\t\t<div class=\"qodef-grid-masonry-sizer\"><\/div>\n\t<div class=\"qodef-grid-masonry-gutter\"><\/div>\n<div class=\"qodef-e qodef-grid-item product type-product post-31388 status-publish first instock product_cat-beanies product_cat-kleidung has-post-thumbnail taxable shipping-taxable purchasable product-type-simple\">\n    <div class=\"qodef-woo-product-inner\">\n\t\t            <div class=\"qodef-woo-product-image\">\n\t\t\t\t\t\t\t\t<img fetchpriority=\"high\" decoding=\"async\" width=\"512\" height=\"700\" src=\"https:\/\/kanadrinks.com\/wp-content\/uploads\/2022\/03\/Picture-1-copy.jpg\" class=\"attachment-woocommerce_thumbnail size-woocommerce_thumbnail\" alt=\"\" srcset=\"https:\/\/kanadrinks.com\/wp-content\/uploads\/2022\/03\/Picture-1-copy.jpg 512w, https:\/\/kanadrinks.com\/wp-content\/uploads\/2022\/03\/Picture-1-copy-219x300.jpg 219w\" sizes=\"(max-width: 512px) 100vw, 512px\" \/>                <div class=\"qodef-woo-product-image-inner\">\n                    <div class=\"qodef-woo-product-button-holder\">\n\t\t\t\t\t<a href=\"?add-to-cart=31388\" aria-describedby=\"woocommerce_loop_add_to_cart_link_describedby_31388\" data-quantity=\"1\" class=\"button product_type_simple add_to_cart_button ajax_add_to_cart\" data-product_id=\"31388\" data-product_sku=\"KD014\" aria-label=\"In den Warenkorb legen: \u201eWinterm\u00fctze &quot;Kanabliss&quot; - grau\u201c\" rel=\"nofollow\" data-success_message=\"\u201eWinterm\u00fctze &quot;Kanabliss&quot; - grau\u201c wurde deinem Warenkorb hinzugef\u00fcgt\">In den Warenkorb<\/a>\t<span id=\"woocommerce_loop_add_to_cart_link_describedby_31388\" class=\"screen-reader-text\">\n\t\t\t<\/span>\n                    <\/div>\n                <\/div>\n            <\/div>\n                <div class=\"qodef-woo-product-content\" >\n\t\t\t\t<div class=\"qodef-woo-product-categories\"><a href=\"https:\/\/kanadrinks.com\/de\/product-category\/kleidung\/beanies\/\" rel=\"tag\">Beanies<\/a><span class=\"qodef-category-separator\"><\/span><a href=\"https:\/\/kanadrinks.com\/de\/product-category\/kleidung\/\" rel=\"tag\">Kleidung<\/a><\/div>\n\t\t\t<h4 itemprop=\"name\" class=\"qodef-woo-product-title entry-title\" >\n\t<a itemprop=\"url\" class=\"qodef-woo-product-title-link\" href=\"https:\/\/kanadrinks.com\/de\/produkt\/wintermutze-kanabliss-grau\/\">\n\t\tWinterm\u00fctze &#8222;Kanabliss&#8220; &#8211; grau\t<\/a>\n<\/h4>\t\t\t\t\t\t\t\t<div class=\"qodef-woo-product-price price\"><span class=\"woocommerce-Price-amount amount\"><span class=\"woocommerce-Price-currencySymbol\">&#067;&#072;&#070;<\/span>&nbsp;30.00<\/span><\/div>\n\t\t\t\t        <\/div>\n\t\t<a href=\"https:\/\/kanadrinks.com\/de\/produkt\/wintermutze-kanabliss-grau\/\" class=\"woocommerce-LoopProduct-link woocommerce-loop-product__link\"><\/a>    <\/div>\n<\/div><div class=\"qodef-e qodef-grid-item product type-product post-31359 status-publish instock product_cat-kleidung product_cat-sweatshirt-de has-post-thumbnail taxable shipping-taxable purchasable product-type-variable\">\n    <div class=\"qodef-woo-product-inner\">\n\t\t            <div class=\"qodef-woo-product-image\">\n\t\t\t\t\t\t\t\t<img decoding=\"async\" width=\"1000\" height=\"842\" src=\"https:\/\/kanadrinks.com\/wp-content\/uploads\/2022\/03\/Noir-front-1000x842.png\" class=\"attachment-woocommerce_thumbnail size-woocommerce_thumbnail\" alt=\"\" \/>                <div class=\"qodef-woo-product-image-inner\">\n                    <div class=\"qodef-woo-product-button-holder\">\n\t\t\t\t\t<a href=\"https:\/\/kanadrinks.com\/de\/produkt\/kapuzenpullover-kanabliss-schwarz\/\" aria-describedby=\"woocommerce_loop_add_to_cart_link_describedby_31359\" data-quantity=\"1\" class=\"button product_type_variable add_to_cart_button\" data-product_id=\"31359\" data-product_sku=\"KD015\" aria-label=\"W\u00e4hle Optionen f\u00fcr \u201eKapuzenpullover &quot;Kanabliss&quot; - schwarz\u201c\" rel=\"nofollow\">Ausf\u00fchrung w\u00e4hlen<\/a>\t<span id=\"woocommerce_loop_add_to_cart_link_describedby_31359\" class=\"screen-reader-text\">\n\t\tDieses Produkt weist mehrere Varianten auf. Die Optionen k\u00f6nnen auf der Produktseite gew\u00e4hlt werden\t<\/span>\n                    <\/div>\n                <\/div>\n            <\/div>\n                <div class=\"qodef-woo-product-content\" >\n\t\t\t\t<div class=\"qodef-woo-product-categories\"><a href=\"https:\/\/kanadrinks.com\/de\/product-category\/kleidung\/\" rel=\"tag\">Kleidung<\/a><span class=\"qodef-category-separator\"><\/span><a href=\"https:\/\/kanadrinks.com\/de\/product-category\/kleidung\/sweatshirt-de\/\" rel=\"tag\">Sweatshirt<\/a><\/div>\n\t\t\t<h4 itemprop=\"name\" class=\"qodef-woo-product-title entry-title\" >\n\t<a itemprop=\"url\" class=\"qodef-woo-product-title-link\" href=\"https:\/\/kanadrinks.com\/de\/produkt\/kapuzenpullover-kanabliss-schwarz\/\">\n\t\tKapuzenpullover &#8222;Kanabliss&#8220; &#8211; schwarz\t<\/a>\n<\/h4>\t\t\t\t\t\t\t\t<div class=\"qodef-woo-product-price price\"><span class=\"woocommerce-Price-amount amount\"><span class=\"woocommerce-Price-currencySymbol\">&#067;&#072;&#070;<\/span>&nbsp;50.00<\/span><\/div>\n\t\t\t\t        <\/div>\n\t\t<a href=\"https:\/\/kanadrinks.com\/de\/produkt\/kapuzenpullover-kanabliss-schwarz\/\" class=\"woocommerce-LoopProduct-link woocommerce-loop-product__link\"><\/a>    <\/div>\n<\/div><div class=\"qodef-e qodef-grid-item product type-product post-31381 status-publish last instock product_cat-kleidung product_cat-sweatshirt-de has-post-thumbnail taxable shipping-taxable purchasable product-type-variable\">\n    <div class=\"qodef-woo-product-inner\">\n\t\t            <div class=\"qodef-woo-product-image\">\n\t\t\t\t\t\t\t\t<img decoding=\"async\" width=\"1000\" height=\"842\" src=\"https:\/\/kanadrinks.com\/wp-content\/uploads\/2022\/03\/Rose-front-1000x842.png\" class=\"attachment-woocommerce_thumbnail size-woocommerce_thumbnail\" alt=\"\" \/>                <div class=\"qodef-woo-product-image-inner\">\n                    <div class=\"qodef-woo-product-button-holder\">\n\t\t\t\t\t<a href=\"https:\/\/kanadrinks.com\/de\/produkt\/kanabliss-kapuzensweatshirt-rosa\/\" aria-describedby=\"woocommerce_loop_add_to_cart_link_describedby_31381\" data-quantity=\"1\" class=\"button product_type_variable add_to_cart_button\" data-product_id=\"31381\" data-product_sku=\"KD017\" aria-label=\"W\u00e4hle Optionen f\u00fcr \u201eKanabliss&quot;-Kapuzensweatshirt - rosa\u201c\" rel=\"nofollow\">Ausf\u00fchrung w\u00e4hlen<\/a>\t<span id=\"woocommerce_loop_add_to_cart_link_describedby_31381\" class=\"screen-reader-text\">\n\t\tDieses Produkt weist mehrere Varianten auf. Die Optionen k\u00f6nnen auf der Produktseite gew\u00e4hlt werden\t<\/span>\n                    <\/div>\n                <\/div>\n            <\/div>\n                <div class=\"qodef-woo-product-content\" >\n\t\t\t\t<div class=\"qodef-woo-product-categories\"><a href=\"https:\/\/kanadrinks.com\/de\/product-category\/kleidung\/\" rel=\"tag\">Kleidung<\/a><span class=\"qodef-category-separator\"><\/span><a href=\"https:\/\/kanadrinks.com\/de\/product-category\/kleidung\/sweatshirt-de\/\" rel=\"tag\">Sweatshirt<\/a><\/div>\n\t\t\t<h4 itemprop=\"name\" class=\"qodef-woo-product-title entry-title\" >\n\t<a itemprop=\"url\" class=\"qodef-woo-product-title-link\" href=\"https:\/\/kanadrinks.com\/de\/produkt\/kanabliss-kapuzensweatshirt-rosa\/\">\n\t\tKanabliss&#8220;-Kapuzensweatshirt &#8211; rosa\t<\/a>\n<\/h4>\t\t\t\t\t\t\t\t<div class=\"qodef-woo-product-price price\"><span class=\"woocommerce-Price-amount amount\"><span class=\"woocommerce-Price-currencySymbol\">&#067;&#072;&#070;<\/span>&nbsp;50.00<\/span><\/div>\n\t\t\t\t        <\/div>\n\t\t<a href=\"https:\/\/kanadrinks.com\/de\/produkt\/kanabliss-kapuzensweatshirt-rosa\/\" class=\"woocommerce-LoopProduct-link woocommerce-loop-product__link\"><\/a>    <\/div>\n<\/div><div class=\"qodef-e qodef-grid-item product type-product post-31370 status-publish first instock product_cat-kleidung product_cat-sweatshirt-de has-post-thumbnail taxable shipping-taxable purchasable product-type-variable\">\n    <div class=\"qodef-woo-product-inner\">\n\t\t            <div class=\"qodef-woo-product-image\">\n\t\t\t\t\t\t\t\t<img loading=\"lazy\" decoding=\"async\" width=\"1000\" height=\"842\" src=\"https:\/\/kanadrinks.com\/wp-content\/uploads\/2022\/03\/Gris-front-1000x842.png\" class=\"attachment-woocommerce_thumbnail size-woocommerce_thumbnail\" alt=\"\" \/>                <div class=\"qodef-woo-product-image-inner\">\n                    <div class=\"qodef-woo-product-button-holder\">\n\t\t\t\t\t<a href=\"https:\/\/kanadrinks.com\/de\/produkt\/kanabliss-kapuzensweatshirt-grau\/\" aria-describedby=\"woocommerce_loop_add_to_cart_link_describedby_31370\" data-quantity=\"1\" class=\"button product_type_variable add_to_cart_button\" data-product_id=\"31370\" data-product_sku=\"KD016\" aria-label=\"W\u00e4hle Optionen f\u00fcr \u201eKanabliss&quot;- Kapuzensweatshirt - grau\u201c\" rel=\"nofollow\">Ausf\u00fchrung w\u00e4hlen<\/a>\t<span id=\"woocommerce_loop_add_to_cart_link_describedby_31370\" class=\"screen-reader-text\">\n\t\tDieses Produkt weist mehrere Varianten auf. Die Optionen k\u00f6nnen auf der Produktseite gew\u00e4hlt werden\t<\/span>\n                    <\/div>\n                <\/div>\n            <\/div>\n                <div class=\"qodef-woo-product-content\" >\n\t\t\t\t<div class=\"qodef-woo-product-categories\"><a href=\"https:\/\/kanadrinks.com\/de\/product-category\/kleidung\/\" rel=\"tag\">Kleidung<\/a><span class=\"qodef-category-separator\"><\/span><a href=\"https:\/\/kanadrinks.com\/de\/product-category\/kleidung\/sweatshirt-de\/\" rel=\"tag\">Sweatshirt<\/a><\/div>\n\t\t\t<h4 itemprop=\"name\" class=\"qodef-woo-product-title entry-title\" >\n\t<a itemprop=\"url\" class=\"qodef-woo-product-title-link\" href=\"https:\/\/kanadrinks.com\/de\/produkt\/kanabliss-kapuzensweatshirt-grau\/\">\n\t\tKanabliss&#8220;- Kapuzensweatshirt &#8211; grau\t<\/a>\n<\/h4>\t\t\t\t\t\t\t\t<div class=\"qodef-woo-product-price price\"><span class=\"woocommerce-Price-amount amount\"><span class=\"woocommerce-Price-currencySymbol\">&#067;&#072;&#070;<\/span>&nbsp;50.00<\/span><\/div>\n\t\t\t\t        <\/div>\n\t\t<a href=\"https:\/\/kanadrinks.com\/de\/produkt\/kanabliss-kapuzensweatshirt-grau\/\" class=\"woocommerce-LoopProduct-link woocommerce-loop-product__link\"><\/a>    <\/div>\n<\/div>\t<\/div>\n\t<\/div>\t\t\t\t<\/div>\n\t\t\t\t<\/div>\n\t\t\t\t\t<\/div>\n\t\t<\/div>\n\t\t\t\t\t<\/div>\n\t\t<\/section>\n\t\t\t\t<\/div>\n\t\t","protected":false},"excerpt":{"rendered":"<p>Entdecken Sie die Kleidung von Kanadrinks Choix des options Ce produit a plusieurs variations. Les options peuvent \u00eatre choisies sur la page du produit SweatV\u00eatements Sweat \u00e0 capuche &#8220;Kanabliss&#8221; &#8211; rose &#067;&#072;&#070;&nbsp;50.00 Choix des options Ce produit a plusieurs variations. Les options peuvent \u00eatre choisies sur la page du produit SweatV\u00eatements Sweat \u00e0 capuche &#8220;Kanabliss&#8221; [&hellip;]<\/p>\n","protected":false},"author":1,"featured_media":0,"parent":0,"menu_order":0,"comment_status":"closed","ping_status":"closed","template":"","meta":{"footnotes":""},"class_list":["post-31303","page","type-page","status-publish","hentry"],"yoast_head":"<!-- This site is optimized with the Yoast SEO plugin v25.7 - https:\/\/yoast.com\/wordpress\/plugins\/seo\/ -->\n<title>SHOP KLEIDUNG - Kanadrinks | Naturally Fresh<\/title>\n<meta name=\"description\" content=\"Kanadrinks Kleidung\" \/>\n<meta name=\"robots\" content=\"index, follow, max-snippet:-1, max-image-preview:large, max-video-preview:-1\" \/>\n<link rel=\"canonical\" href=\"https:\/\/kanadrinks.com\/de\/shop-kleidung\/\" \/>\n<meta property=\"og:locale\" content=\"de_DE\" \/>\n<meta property=\"og:type\" content=\"article\" \/>\n<meta property=\"og:title\" content=\"SHOP KLEIDUNG - Kanadrinks | Naturally Fresh\" \/>\n<meta property=\"og:description\" content=\"Kanadrinks Kleidung\" \/>\n<meta property=\"og:url\" content=\"https:\/\/kanadrinks.com\/de\/shop-kleidung\/\" \/>\n<meta property=\"og:site_name\" content=\"Kanadrinks | Naturally Fresh\" \/>\n<meta property=\"article:publisher\" content=\"https:\/\/www.facebook.com\/kanadrinksoriginal\/\" \/>\n<meta property=\"article:modified_time\" content=\"2025-05-27T11:48:51+00:00\" \/>\n<meta property=\"og:image\" content=\"https:\/\/kanadrinks.com\/wp-content\/uploads\/2022\/03\/Rose-front-1000x842.png\" \/>\n<meta name=\"twitter:card\" content=\"summary_large_image\" \/>\n<meta name=\"twitter:label1\" content=\"Gesch\u00e4tzte Lesezeit\" \/>\n\t<meta name=\"twitter:data1\" content=\"2\u00a0Minuten\" \/>\n<script type=\"application\/ld+json\" class=\"yoast-schema-graph\">{\"@context\":\"https:\/\/schema.org\",\"@graph\":[{\"@type\":\"WebPage\",\"@id\":\"https:\/\/kanadrinks.com\/de\/shop-kleidung\/\",\"url\":\"https:\/\/kanadrinks.com\/de\/shop-kleidung\/\",\"name\":\"SHOP KLEIDUNG - Kanadrinks | Naturally Fresh\",\"isPartOf\":{\"@id\":\"https:\/\/kanadrinks.com\/de\/#website\"},\"primaryImageOfPage\":{\"@id\":\"https:\/\/kanadrinks.com\/de\/shop-kleidung\/#primaryimage\"},\"image\":{\"@id\":\"https:\/\/kanadrinks.com\/de\/shop-kleidung\/#primaryimage\"},\"thumbnailUrl\":\"https:\/\/kanadrinks.com\/wp-content\/uploads\/2022\/03\/Rose-front-1000x842.png\",\"datePublished\":\"2022-03-24T17:15:47+00:00\",\"dateModified\":\"2025-05-27T11:48:51+00:00\",\"description\":\"Kanadrinks Kleidung\",\"breadcrumb\":{\"@id\":\"https:\/\/kanadrinks.com\/de\/shop-kleidung\/#breadcrumb\"},\"inLanguage\":\"de\",\"potentialAction\":[{\"@type\":\"ReadAction\",\"target\":[\"https:\/\/kanadrinks.com\/de\/shop-kleidung\/\"]}]},{\"@type\":\"ImageObject\",\"inLanguage\":\"de\",\"@id\":\"https:\/\/kanadrinks.com\/de\/shop-kleidung\/#primaryimage\",\"url\":\"https:\/\/kanadrinks.com\/wp-content\/uploads\/2022\/03\/Rose-front-1000x842.png\",\"contentUrl\":\"https:\/\/kanadrinks.com\/wp-content\/uploads\/2022\/03\/Rose-front-1000x842.png\"},{\"@type\":\"BreadcrumbList\",\"@id\":\"https:\/\/kanadrinks.com\/de\/shop-kleidung\/#breadcrumb\",\"itemListElement\":[{\"@type\":\"ListItem\",\"position\":1,\"name\":\"Accueil\",\"item\":\"https:\/\/kanadrinks.com\/de\/kanadrinks-home\/\"},{\"@type\":\"ListItem\",\"position\":2,\"name\":\"SHOP KLEIDUNG\"}]},{\"@type\":\"WebSite\",\"@id\":\"https:\/\/kanadrinks.com\/de\/#website\",\"url\":\"https:\/\/kanadrinks.com\/de\/\",\"name\":\"Kanadrinks | Naturally Fresh\",\"description\":\"Prickelnde Fruchts\u00e4fte\",\"publisher\":{\"@id\":\"https:\/\/kanadrinks.com\/de\/#organization\"},\"potentialAction\":[{\"@type\":\"SearchAction\",\"target\":{\"@type\":\"EntryPoint\",\"urlTemplate\":\"https:\/\/kanadrinks.com\/de\/?s={search_term_string}\"},\"query-input\":{\"@type\":\"PropertyValueSpecification\",\"valueRequired\":true,\"valueName\":\"search_term_string\"}}],\"inLanguage\":\"de\"},{\"@type\":\"Organization\",\"@id\":\"https:\/\/kanadrinks.com\/de\/#organization\",\"name\":\"Kanadrinks.com\",\"url\":\"https:\/\/kanadrinks.com\/de\/\",\"logo\":{\"@type\":\"ImageObject\",\"inLanguage\":\"de\",\"@id\":\"https:\/\/kanadrinks.com\/de\/#\/schema\/logo\/image\/\",\"url\":\"https:\/\/kanadrinks.com\/wp-content\/uploads\/2022\/03\/cropped-Logo-Kanadrinks.png\",\"contentUrl\":\"https:\/\/kanadrinks.com\/wp-content\/uploads\/2022\/03\/cropped-Logo-Kanadrinks.png\",\"width\":512,\"height\":512,\"caption\":\"Kanadrinks.com\"},\"image\":{\"@id\":\"https:\/\/kanadrinks.com\/de\/#\/schema\/logo\/image\/\"},\"sameAs\":[\"https:\/\/www.facebook.com\/kanadrinksoriginal\/\",\"https:\/\/www.instagram.com\/kanadrinksoriginal\/\"]}]}<\/script>\n<!-- \/ Yoast SEO plugin. -->","yoast_head_json":{"title":"SHOP KLEIDUNG - Kanadrinks | Naturally Fresh","description":"Kanadrinks Kleidung","robots":{"index":"index","follow":"follow","max-snippet":"max-snippet:-1","max-image-preview":"max-image-preview:large","max-video-preview":"max-video-preview:-1"},"canonical":"https:\/\/kanadrinks.com\/de\/shop-kleidung\/","og_locale":"de_DE","og_type":"article","og_title":"SHOP KLEIDUNG - Kanadrinks | Naturally Fresh","og_description":"Kanadrinks Kleidung","og_url":"https:\/\/kanadrinks.com\/de\/shop-kleidung\/","og_site_name":"Kanadrinks | Naturally Fresh","article_publisher":"https:\/\/www.facebook.com\/kanadrinksoriginal\/","article_modified_time":"2025-05-27T11:48:51+00:00","og_image":[{"url":"https:\/\/kanadrinks.com\/wp-content\/uploads\/2022\/03\/Rose-front-1000x842.png","type":"","width":"","height":""}],"twitter_card":"summary_large_image","twitter_misc":{"Gesch\u00e4tzte Lesezeit":"2\u00a0Minuten"},"schema":{"@context":"https:\/\/schema.org","@graph":[{"@type":"WebPage","@id":"https:\/\/kanadrinks.com\/de\/shop-kleidung\/","url":"https:\/\/kanadrinks.com\/de\/shop-kleidung\/","name":"SHOP KLEIDUNG - Kanadrinks | Naturally Fresh","isPartOf":{"@id":"https:\/\/kanadrinks.com\/de\/#website"},"primaryImageOfPage":{"@id":"https:\/\/kanadrinks.com\/de\/shop-kleidung\/#primaryimage"},"image":{"@id":"https:\/\/kanadrinks.com\/de\/shop-kleidung\/#primaryimage"},"thumbnailUrl":"https:\/\/kanadrinks.com\/wp-content\/uploads\/2022\/03\/Rose-front-1000x842.png","datePublished":"2022-03-24T17:15:47+00:00","dateModified":"2025-05-27T11:48:51+00:00","description":"Kanadrinks Kleidung","breadcrumb":{"@id":"https:\/\/kanadrinks.com\/de\/shop-kleidung\/#breadcrumb"},"inLanguage":"de","potentialAction":[{"@type":"ReadAction","target":["https:\/\/kanadrinks.com\/de\/shop-kleidung\/"]}]},{"@type":"ImageObject","inLanguage":"de","@id":"https:\/\/kanadrinks.com\/de\/shop-kleidung\/#primaryimage","url":"https:\/\/kanadrinks.com\/wp-content\/uploads\/2022\/03\/Rose-front-1000x842.png","contentUrl":"https:\/\/kanadrinks.com\/wp-content\/uploads\/2022\/03\/Rose-front-1000x842.png"},{"@type":"BreadcrumbList","@id":"https:\/\/kanadrinks.com\/de\/shop-kleidung\/#breadcrumb","itemListElement":[{"@type":"ListItem","position":1,"name":"Accueil","item":"https:\/\/kanadrinks.com\/de\/kanadrinks-home\/"},{"@type":"ListItem","position":2,"name":"SHOP KLEIDUNG"}]},{"@type":"WebSite","@id":"https:\/\/kanadrinks.com\/de\/#website","url":"https:\/\/kanadrinks.com\/de\/","name":"Kanadrinks | Naturally Fresh","description":"Prickelnde Fruchts\u00e4fte","publisher":{"@id":"https:\/\/kanadrinks.com\/de\/#organization"},"potentialAction":[{"@type":"SearchAction","target":{"@type":"EntryPoint","urlTemplate":"https:\/\/kanadrinks.com\/de\/?s={search_term_string}"},"query-input":{"@type":"PropertyValueSpecification","valueRequired":true,"valueName":"search_term_string"}}],"inLanguage":"de"},{"@type":"Organization","@id":"https:\/\/kanadrinks.com\/de\/#organization","name":"Kanadrinks.com","url":"https:\/\/kanadrinks.com\/de\/","logo":{"@type":"ImageObject","inLanguage":"de","@id":"https:\/\/kanadrinks.com\/de\/#\/schema\/logo\/image\/","url":"https:\/\/kanadrinks.com\/wp-content\/uploads\/2022\/03\/cropped-Logo-Kanadrinks.png","contentUrl":"https:\/\/kanadrinks.com\/wp-content\/uploads\/2022\/03\/cropped-Logo-Kanadrinks.png","width":512,"height":512,"caption":"Kanadrinks.com"},"image":{"@id":"https:\/\/kanadrinks.com\/de\/#\/schema\/logo\/image\/"},"sameAs":["https:\/\/www.facebook.com\/kanadrinksoriginal\/","https:\/\/www.instagram.com\/kanadrinksoriginal\/"]}]}},"_links":{"self":[{"href":"https:\/\/kanadrinks.com\/de\/wp-json\/wp\/v2\/pages\/31303","targetHints":{"allow":["GET"]}}],"collection":[{"href":"https:\/\/kanadrinks.com\/de\/wp-json\/wp\/v2\/pages"}],"about":[{"href":"https:\/\/kanadrinks.com\/de\/wp-json\/wp\/v2\/types\/page"}],"author":[{"embeddable":true,"href":"https:\/\/kanadrinks.com\/de\/wp-json\/wp\/v2\/users\/1"}],"replies":[{"embeddable":true,"href":"https:\/\/kanadrinks.com\/de\/wp-json\/wp\/v2\/comments?post=31303"}],"version-history":[{"count":5,"href":"https:\/\/kanadrinks.com\/de\/wp-json\/wp\/v2\/pages\/31303\/revisions"}],"predecessor-version":[{"id":32497,"href":"https:\/\/kanadrinks.com\/de\/wp-json\/wp\/v2\/pages\/31303\/revisions\/32497"}],"wp:attachment":[{"href":"https:\/\/kanadrinks.com\/de\/wp-json\/wp\/v2\/media?parent=31303"}],"curies":[{"name":"wp","href":"https:\/\/api.w.org\/{rel}","templated":true}]}}