{"id":31299,"date":"2022-03-24T18:15:47","date_gmt":"2022-03-24T17:15:47","guid":{"rendered":"https:\/\/kanadrinks.com\/shop-clothes\/"},"modified":"2025-05-27T12:15:39","modified_gmt":"2025-05-27T10:15:39","slug":"shop-clothes","status":"publish","type":"page","link":"https:\/\/kanadrinks.com\/en\/shop-clothes\/","title":{"rendered":"CLOTHES SHOP"},"content":{"rendered":"\t\t<div data-elementor-type=\"wp-page\" data-elementor-id=\"31299\" class=\"elementor elementor-31299 elementor-29592\" data-elementor-post-type=\"page\">\n\t\t\t\t\t\t<section class=\"elementor-section elementor-top-section elementor-element elementor-element-5dc2792 elementor-section-boxed elementor-section-height-default elementor-section-height-default qodef-elementor-content-no\" data-id=\"5dc2792\" data-element_type=\"section\">\n\t\t\t\t\t\t<div class=\"elementor-container elementor-column-gap-default\">\n\t\t\t\t\t<div class=\"elementor-column elementor-col-100 elementor-top-column elementor-element elementor-element-179834f\" data-id=\"179834f\" data-element_type=\"column\">\n\t\t\t<div class=\"elementor-widget-wrap elementor-element-populated\">\n\t\t\t\t\t\t<div class=\"elementor-element elementor-element-06a7fb9 elementor-widget elementor-widget-heading\" data-id=\"06a7fb9\" data-element_type=\"widget\" data-widget_type=\"heading.default\">\n\t\t\t\t<div class=\"elementor-widget-container\">\n\t\t\t\t\t<h2 class=\"elementor-heading-title elementor-size-default\">Discover Kanadrinks apparel<\/h2>\t\t\t\t<\/div>\n\t\t\t\t<\/div>\n\t\t\t\t<div class=\"elementor-element elementor-element-b8977b3 elementor-hidden-mobile elementor-widget elementor-widget-spacer\" data-id=\"b8977b3\" data-element_type=\"widget\" data-widget_type=\"spacer.default\">\n\t\t\t\t<div class=\"elementor-widget-container\">\n\t\t\t\t\t\t\t<div class=\"elementor-spacer\">\n\t\t\t<div class=\"elementor-spacer-inner\"><\/div>\n\t\t<\/div>\n\t\t\t\t\t\t<\/div>\n\t\t\t\t<\/div>\n\t\t\t\t\t<\/div>\n\t\t<\/div>\n\t\t\t\t\t<\/div>\n\t\t<\/section>\n\t\t\t\t<section class=\"elementor-section elementor-top-section elementor-element elementor-element-ac390f7 qodef-elementor-content-grid qodef-remove-product-category elementor-section-full_width elementor-section-height-default elementor-section-height-default\" data-id=\"ac390f7\" data-element_type=\"section\">\n\t\t\t\t\t\t<div class=\"elementor-container elementor-column-gap-default\">\n\t\t\t\t\t<div class=\"elementor-column elementor-col-100 elementor-top-column elementor-element elementor-element-7a824c7\" data-id=\"7a824c7\" data-element_type=\"column\">\n\t\t\t<div class=\"elementor-widget-wrap elementor-element-populated\">\n\t\t\t\t\t\t<div class=\"elementor-element elementor-element-24e3dbe elementor-widget__width-inherit elementor-widget elementor-widget-singlemalt_core_product_list\" data-id=\"24e3dbe\" data-element_type=\"widget\" data-widget_type=\"singlemalt_core_product_list.default\">\n\t\t\t\t<div class=\"elementor-widget-container\">\n\t\t\t\t\t<div class=\"qodef-shortcode qodef-m  qodef-woo-shortcode qodef-woo-product-list qodef-item-layout--info-below qodef-grid qodef-layout--masonry  qodef-gutter--large qodef-col-num--2 qodef-item-layout--info-below qodef--no-bottom-space qodef-pagination--off qodef-responsive--predefined\" data-options=\"{&quot;plugin&quot;:&quot;singlemalt_core&quot;,&quot;module&quot;:&quot;plugins\\\/woocommerce\\\/shortcodes&quot;,&quot;shortcode&quot;:&quot;product-list&quot;,&quot;post_type&quot;:&quot;product&quot;,&quot;next_page&quot;:&quot;2&quot;,&quot;max_pages_num&quot;:1,&quot;behavior&quot;:&quot;masonry&quot;,&quot;columns&quot;:&quot;2&quot;,&quot;columns_responsive&quot;:&quot;predefined&quot;,&quot;space&quot;:&quot;large&quot;,&quot;posts_per_page&quot;:&quot;30&quot;,&quot;orderby&quot;:&quot;title&quot;,&quot;order&quot;:&quot;DESC&quot;,&quot;additional_params&quot;:&quot;tax&quot;,&quot;tax&quot;:&quot;product_cat&quot;,&quot;tax_slug&quot;:&quot;vetements&quot;,&quot;layout&quot;:&quot;info-below&quot;,&quot;title_tag&quot;:&quot;h4&quot;,&quot;enable_filter&quot;:&quot;no&quot;,&quot;pagination_type&quot;:&quot;no-pagination&quot;,&quot;object_class_name&quot;:&quot;SingleMaltCoreProductListShortcode&quot;,&quot;taxonomy_filter&quot;:&quot;product_cat&quot;,&quot;additional_query_args&quot;:{&quot;tax_query&quot;:[{&quot;taxonomy&quot;:&quot;product_cat&quot;,&quot;field&quot;:&quot;slug&quot;,&quot;terms&quot;:&quot;vetements&quot;}]},&quot;space_value&quot;:25}\">\n\t\t<div class=\"qodef-grid-inner clear\">\n\t\t\t<div class=\"qodef-grid-masonry-sizer\"><\/div>\n\t<div class=\"qodef-grid-masonry-gutter\"><\/div>\n<div class=\"qodef-e qodef-grid-item product type-product post-31376 status-publish first instock product_cat-clothes product_cat-sweatshirt has-post-thumbnail taxable shipping-taxable purchasable product-type-variable\">\n    <div class=\"qodef-woo-product-inner\">\n\t\t            <div class=\"qodef-woo-product-image\">\n\t\t\t\t\t\t\t\t<img fetchpriority=\"high\" decoding=\"async\" width=\"1000\" height=\"842\" src=\"https:\/\/kanadrinks.com\/wp-content\/uploads\/2022\/03\/Rose-front-1000x842.png\" class=\"attachment-woocommerce_thumbnail size-woocommerce_thumbnail\" alt=\"\" \/>                <div class=\"qodef-woo-product-image-inner\">\n                    <div class=\"qodef-woo-product-button-holder\">\n\t\t\t\t\t<a href=\"https:\/\/kanadrinks.com\/en\/product\/kanabliss-hoodie-pink\/\" aria-describedby=\"woocommerce_loop_add_to_cart_link_describedby_31376\" data-quantity=\"1\" class=\"button product_type_variable add_to_cart_button\" data-product_id=\"31376\" data-product_sku=\"KD017\" aria-label=\"Select options for &ldquo;Kanabliss&quot; hoodie - pink&rdquo;\" rel=\"nofollow\">Select options<\/a>\t<span id=\"woocommerce_loop_add_to_cart_link_describedby_31376\" class=\"screen-reader-text\">\n\t\tThis product has multiple variants. The options may be chosen on the product page\t<\/span>\n                    <\/div>\n                <\/div>\n            <\/div>\n                <div class=\"qodef-woo-product-content\" >\n\t\t\t\t<div class=\"qodef-woo-product-categories\"><a href=\"https:\/\/kanadrinks.com\/en\/product-category\/clothes\/\" rel=\"tag\">Clothes<\/a><span class=\"qodef-category-separator\"><\/span><a href=\"https:\/\/kanadrinks.com\/en\/product-category\/clothes\/sweatshirt\/\" rel=\"tag\">Sweatshirt<\/a><\/div>\n\t\t\t<h4 itemprop=\"name\" class=\"qodef-woo-product-title entry-title\" >\n\t<a itemprop=\"url\" class=\"qodef-woo-product-title-link\" href=\"https:\/\/kanadrinks.com\/en\/product\/kanabliss-hoodie-pink\/\">\n\t\tKanabliss&#8221; hoodie &#8211; pink\t<\/a>\n<\/h4>\t\t\t\t\t\t\t\t<div class=\"qodef-woo-product-price price\"><span class=\"woocommerce-Price-amount amount\"><span class=\"woocommerce-Price-currencySymbol\">&#067;&#072;&#070;<\/span>&nbsp;50.00<\/span><\/div>\n\t\t\t\t        <\/div>\n\t\t<a href=\"https:\/\/kanadrinks.com\/en\/product\/kanabliss-hoodie-pink\/\" class=\"woocommerce-LoopProduct-link woocommerce-loop-product__link\"><\/a>    <\/div>\n<\/div><div class=\"qodef-e qodef-grid-item product type-product post-31365 status-publish instock product_cat-clothes product_cat-sweatshirt has-post-thumbnail taxable shipping-taxable purchasable product-type-variable\">\n    <div class=\"qodef-woo-product-inner\">\n\t\t            <div class=\"qodef-woo-product-image\">\n\t\t\t\t\t\t\t\t<img decoding=\"async\" width=\"1000\" height=\"842\" src=\"https:\/\/kanadrinks.com\/wp-content\/uploads\/2022\/03\/Gris-front-1000x842.png\" class=\"attachment-woocommerce_thumbnail size-woocommerce_thumbnail\" alt=\"\" \/>                <div class=\"qodef-woo-product-image-inner\">\n                    <div class=\"qodef-woo-product-button-holder\">\n\t\t\t\t\t<a href=\"https:\/\/kanadrinks.com\/en\/product\/kanabliss-hoodie-grey\/\" aria-describedby=\"woocommerce_loop_add_to_cart_link_describedby_31365\" data-quantity=\"1\" class=\"button product_type_variable add_to_cart_button\" data-product_id=\"31365\" data-product_sku=\"KD016\" aria-label=\"Select options for &ldquo;&quot;Kanabliss&quot; hoodie - grey&rdquo;\" rel=\"nofollow\">Select options<\/a>\t<span id=\"woocommerce_loop_add_to_cart_link_describedby_31365\" class=\"screen-reader-text\">\n\t\tThis product has multiple variants. The options may be chosen on the product page\t<\/span>\n                    <\/div>\n                <\/div>\n            <\/div>\n                <div class=\"qodef-woo-product-content\" >\n\t\t\t\t<div class=\"qodef-woo-product-categories\"><a href=\"https:\/\/kanadrinks.com\/en\/product-category\/clothes\/\" rel=\"tag\">Clothes<\/a><span class=\"qodef-category-separator\"><\/span><a href=\"https:\/\/kanadrinks.com\/en\/product-category\/clothes\/sweatshirt\/\" rel=\"tag\">Sweatshirt<\/a><\/div>\n\t\t\t<h4 itemprop=\"name\" class=\"qodef-woo-product-title entry-title\" >\n\t<a itemprop=\"url\" class=\"qodef-woo-product-title-link\" href=\"https:\/\/kanadrinks.com\/en\/product\/kanabliss-hoodie-grey\/\">\n\t\t&#8220;Kanabliss&#8221; hoodie &#8211; grey\t<\/a>\n<\/h4>\t\t\t\t\t\t\t\t<div class=\"qodef-woo-product-price price\"><span class=\"woocommerce-Price-amount amount\"><span class=\"woocommerce-Price-currencySymbol\">&#067;&#072;&#070;<\/span>&nbsp;50.00<\/span><\/div>\n\t\t\t\t        <\/div>\n\t\t<a href=\"https:\/\/kanadrinks.com\/en\/product\/kanabliss-hoodie-grey\/\" class=\"woocommerce-LoopProduct-link woocommerce-loop-product__link\"><\/a>    <\/div>\n<\/div><div class=\"qodef-e qodef-grid-item product type-product post-31354 status-publish last instock product_cat-clothes product_cat-sweatshirt has-post-thumbnail taxable shipping-taxable purchasable product-type-variable\">\n    <div class=\"qodef-woo-product-inner\">\n\t\t            <div class=\"qodef-woo-product-image\">\n\t\t\t\t\t\t\t\t<img decoding=\"async\" width=\"1000\" height=\"842\" src=\"https:\/\/kanadrinks.com\/wp-content\/uploads\/2022\/03\/Noir-front-1000x842.png\" class=\"attachment-woocommerce_thumbnail size-woocommerce_thumbnail\" alt=\"\" \/>                <div class=\"qodef-woo-product-image-inner\">\n                    <div class=\"qodef-woo-product-button-holder\">\n\t\t\t\t\t<a href=\"https:\/\/kanadrinks.com\/en\/product\/kanabliss-hoodie-black\/\" aria-describedby=\"woocommerce_loop_add_to_cart_link_describedby_31354\" data-quantity=\"1\" class=\"button product_type_variable add_to_cart_button\" data-product_id=\"31354\" data-product_sku=\"KD015\" aria-label=\"Select options for &ldquo;&quot;Kanabliss&quot; hoodie - black&rdquo;\" rel=\"nofollow\">Select options<\/a>\t<span id=\"woocommerce_loop_add_to_cart_link_describedby_31354\" class=\"screen-reader-text\">\n\t\tThis product has multiple variants. The options may be chosen on the product page\t<\/span>\n                    <\/div>\n                <\/div>\n            <\/div>\n                <div class=\"qodef-woo-product-content\" >\n\t\t\t\t<div class=\"qodef-woo-product-categories\"><a href=\"https:\/\/kanadrinks.com\/en\/product-category\/clothes\/\" rel=\"tag\">Clothes<\/a><span class=\"qodef-category-separator\"><\/span><a href=\"https:\/\/kanadrinks.com\/en\/product-category\/clothes\/sweatshirt\/\" rel=\"tag\">Sweatshirt<\/a><\/div>\n\t\t\t<h4 itemprop=\"name\" class=\"qodef-woo-product-title entry-title\" >\n\t<a itemprop=\"url\" class=\"qodef-woo-product-title-link\" href=\"https:\/\/kanadrinks.com\/en\/product\/kanabliss-hoodie-black\/\">\n\t\t&#8220;Kanabliss&#8221; hoodie &#8211; black\t<\/a>\n<\/h4>\t\t\t\t\t\t\t\t<div class=\"qodef-woo-product-price price\"><span class=\"woocommerce-Price-amount amount\"><span class=\"woocommerce-Price-currencySymbol\">&#067;&#072;&#070;<\/span>&nbsp;50.00<\/span><\/div>\n\t\t\t\t        <\/div>\n\t\t<a href=\"https:\/\/kanadrinks.com\/en\/product\/kanabliss-hoodie-black\/\" class=\"woocommerce-LoopProduct-link woocommerce-loop-product__link\"><\/a>    <\/div>\n<\/div><div class=\"qodef-e qodef-grid-item product type-product post-31387 status-publish first instock product_cat-clothes product_cat-hat has-post-thumbnail taxable shipping-taxable purchasable product-type-simple\">\n    <div class=\"qodef-woo-product-inner\">\n\t\t            <div class=\"qodef-woo-product-image\">\n\t\t\t\t\t\t\t\t<img loading=\"lazy\" decoding=\"async\" width=\"512\" height=\"700\" src=\"https:\/\/kanadrinks.com\/wp-content\/uploads\/2022\/03\/Picture-1-copy.jpg\" class=\"attachment-woocommerce_thumbnail size-woocommerce_thumbnail\" alt=\"\" srcset=\"https:\/\/kanadrinks.com\/wp-content\/uploads\/2022\/03\/Picture-1-copy.jpg 512w, https:\/\/kanadrinks.com\/wp-content\/uploads\/2022\/03\/Picture-1-copy-219x300.jpg 219w\" sizes=\"(max-width: 512px) 100vw, 512px\" \/>                <div class=\"qodef-woo-product-image-inner\">\n                    <div class=\"qodef-woo-product-button-holder\">\n\t\t\t\t\t<a href=\"?add-to-cart=31387\" aria-describedby=\"woocommerce_loop_add_to_cart_link_describedby_31387\" data-quantity=\"1\" class=\"button product_type_simple add_to_cart_button ajax_add_to_cart\" data-product_id=\"31387\" data-product_sku=\"KD014\" aria-label=\"Add to cart: &ldquo;&quot;Kanabliss&quot; beanie - grey&rdquo;\" rel=\"nofollow\" data-success_message=\"&ldquo;&quot;Kanabliss&quot; beanie - grey&rdquo; has been added to your cart\">Add to cart<\/a>\t<span id=\"woocommerce_loop_add_to_cart_link_describedby_31387\" class=\"screen-reader-text\">\n\t\t\t<\/span>\n                    <\/div>\n                <\/div>\n            <\/div>\n                <div class=\"qodef-woo-product-content\" >\n\t\t\t\t<div class=\"qodef-woo-product-categories\"><a href=\"https:\/\/kanadrinks.com\/en\/product-category\/clothes\/\" rel=\"tag\">Clothes<\/a><span class=\"qodef-category-separator\"><\/span><a href=\"https:\/\/kanadrinks.com\/en\/product-category\/clothes\/hat\/\" rel=\"tag\">Hat<\/a><\/div>\n\t\t\t<h4 itemprop=\"name\" class=\"qodef-woo-product-title entry-title\" >\n\t<a itemprop=\"url\" class=\"qodef-woo-product-title-link\" href=\"https:\/\/kanadrinks.com\/en\/product\/kanabliss-beanie-grey\/\">\n\t\t&#8220;Kanabliss&#8221; beanie &#8211; grey\t<\/a>\n<\/h4>\t\t\t\t\t\t\t\t<div class=\"qodef-woo-product-price price\"><span class=\"woocommerce-Price-amount amount\"><span class=\"woocommerce-Price-currencySymbol\">&#067;&#072;&#070;<\/span>&nbsp;30.00<\/span><\/div>\n\t\t\t\t        <\/div>\n\t\t<a href=\"https:\/\/kanadrinks.com\/en\/product\/kanabliss-beanie-grey\/\" class=\"woocommerce-LoopProduct-link woocommerce-loop-product__link\"><\/a>    <\/div>\n<\/div>\t<\/div>\n\t<\/div>\t\t\t\t<\/div>\n\t\t\t\t<\/div>\n\t\t\t\t\t<\/div>\n\t\t<\/div>\n\t\t\t\t\t<\/div>\n\t\t<\/section>\n\t\t\t\t<\/div>\n\t\t","protected":false},"excerpt":{"rendered":"<p>Discover Kanadrinks apparel Choix des options Ce produit a plusieurs variations. Les options peuvent \u00eatre choisies sur la page du produit SweatV\u00eatements Sweat \u00e0 capuche &#8220;Kanabliss&#8221; &#8211; rose &#067;&#072;&#070;&nbsp;50.00 Choix des options Ce produit a plusieurs variations. Les options peuvent \u00eatre choisies sur la page du produit SweatV\u00eatements Sweat \u00e0 capuche &#8220;Kanabliss&#8221; &#8211; noir &#067;&#072;&#070;&nbsp;50.00 [&hellip;]<\/p>\n","protected":false},"author":1,"featured_media":0,"parent":0,"menu_order":0,"comment_status":"closed","ping_status":"closed","template":"","meta":{"footnotes":""},"class_list":["post-31299","page","type-page","status-publish","hentry"],"yoast_head":"<!-- This site is optimized with the Yoast SEO plugin v25.7 - https:\/\/yoast.com\/wordpress\/plugins\/seo\/ -->\n<title>CLOTHES SHOP - Kanadrinks | Naturally Fresh<\/title>\n<meta name=\"description\" content=\"Discover our Kanadrinks products : delicious hemp infused drinks and cool clothes including sweatshirts and beannies.\" \/>\n<meta name=\"robots\" content=\"index, follow, max-snippet:-1, max-image-preview:large, max-video-preview:-1\" \/>\n<link rel=\"canonical\" href=\"https:\/\/kanadrinks.com\/en\/shop-clothes\/\" \/>\n<meta property=\"og:locale\" content=\"en_US\" \/>\n<meta property=\"og:type\" content=\"article\" \/>\n<meta property=\"og:title\" content=\"Shop clothes\" \/>\n<meta property=\"og:description\" content=\"Discover our Kanadrinks products : delicious hemp infused drinks and cool clothes including sweatshirts and beannies.\" \/>\n<meta property=\"og:url\" content=\"https:\/\/kanadrinks.com\/en\/shop-clothes\/\" \/>\n<meta property=\"og:site_name\" content=\"Kanadrinks | Naturally Fresh\" \/>\n<meta property=\"article:publisher\" content=\"https:\/\/www.facebook.com\/kanadrinksoriginal\/\" \/>\n<meta property=\"article:modified_time\" content=\"2025-05-27T10:15:39+00:00\" \/>\n<meta property=\"og:image\" content=\"https:\/\/kanadrinks.com\/wp-content\/uploads\/2022\/03\/Rose-front-1000x842.png\" \/>\n<meta name=\"twitter:card\" content=\"summary_large_image\" \/>\n<meta name=\"twitter:title\" content=\"Shop clothes\" \/>\n<meta name=\"twitter:description\" content=\"Discover our Kanadrinks products : delicious hemp infused drinks and cool clothes including sweatshirts and beannies.\" \/>\n<meta name=\"twitter:label1\" content=\"Est. reading time\" \/>\n\t<meta name=\"twitter:data1\" content=\"2 minutes\" \/>\n<script type=\"application\/ld+json\" class=\"yoast-schema-graph\">{\"@context\":\"https:\/\/schema.org\",\"@graph\":[{\"@type\":\"WebPage\",\"@id\":\"https:\/\/kanadrinks.com\/en\/shop-clothes\/\",\"url\":\"https:\/\/kanadrinks.com\/en\/shop-clothes\/\",\"name\":\"CLOTHES SHOP - Kanadrinks | Naturally Fresh\",\"isPartOf\":{\"@id\":\"https:\/\/kanadrinks.com\/en\/#website\"},\"primaryImageOfPage\":{\"@id\":\"https:\/\/kanadrinks.com\/en\/shop-clothes\/#primaryimage\"},\"image\":{\"@id\":\"https:\/\/kanadrinks.com\/en\/shop-clothes\/#primaryimage\"},\"thumbnailUrl\":\"https:\/\/kanadrinks.com\/wp-content\/uploads\/2022\/03\/Rose-front-1000x842.png\",\"datePublished\":\"2022-03-24T17:15:47+00:00\",\"dateModified\":\"2025-05-27T10:15:39+00:00\",\"description\":\"Discover our Kanadrinks products : delicious hemp infused drinks and cool clothes including sweatshirts and beannies.\",\"breadcrumb\":{\"@id\":\"https:\/\/kanadrinks.com\/en\/shop-clothes\/#breadcrumb\"},\"inLanguage\":\"en-US\",\"potentialAction\":[{\"@type\":\"ReadAction\",\"target\":[\"https:\/\/kanadrinks.com\/en\/shop-clothes\/\"]}]},{\"@type\":\"ImageObject\",\"inLanguage\":\"en-US\",\"@id\":\"https:\/\/kanadrinks.com\/en\/shop-clothes\/#primaryimage\",\"url\":\"https:\/\/kanadrinks.com\/wp-content\/uploads\/2022\/03\/Rose-front-1000x842.png\",\"contentUrl\":\"https:\/\/kanadrinks.com\/wp-content\/uploads\/2022\/03\/Rose-front-1000x842.png\"},{\"@type\":\"BreadcrumbList\",\"@id\":\"https:\/\/kanadrinks.com\/en\/shop-clothes\/#breadcrumb\",\"itemListElement\":[{\"@type\":\"ListItem\",\"position\":1,\"name\":\"Accueil\",\"item\":\"https:\/\/kanadrinks.com\/en\/kanadrinks-home\/\"},{\"@type\":\"ListItem\",\"position\":2,\"name\":\"CLOTHES SHOP\"}]},{\"@type\":\"WebSite\",\"@id\":\"https:\/\/kanadrinks.com\/en\/#website\",\"url\":\"https:\/\/kanadrinks.com\/en\/\",\"name\":\"Kanadrinks | Naturally Fresh\",\"description\":\"Des jus de fruits p\u00e9tillants\",\"publisher\":{\"@id\":\"https:\/\/kanadrinks.com\/en\/#organization\"},\"potentialAction\":[{\"@type\":\"SearchAction\",\"target\":{\"@type\":\"EntryPoint\",\"urlTemplate\":\"https:\/\/kanadrinks.com\/en\/?s={search_term_string}\"},\"query-input\":{\"@type\":\"PropertyValueSpecification\",\"valueRequired\":true,\"valueName\":\"search_term_string\"}}],\"inLanguage\":\"en-US\"},{\"@type\":\"Organization\",\"@id\":\"https:\/\/kanadrinks.com\/en\/#organization\",\"name\":\"Kanadrinks.com\",\"url\":\"https:\/\/kanadrinks.com\/en\/\",\"logo\":{\"@type\":\"ImageObject\",\"inLanguage\":\"en-US\",\"@id\":\"https:\/\/kanadrinks.com\/en\/#\/schema\/logo\/image\/\",\"url\":\"https:\/\/kanadrinks.com\/wp-content\/uploads\/2022\/03\/cropped-Logo-Kanadrinks.png\",\"contentUrl\":\"https:\/\/kanadrinks.com\/wp-content\/uploads\/2022\/03\/cropped-Logo-Kanadrinks.png\",\"width\":512,\"height\":512,\"caption\":\"Kanadrinks.com\"},\"image\":{\"@id\":\"https:\/\/kanadrinks.com\/en\/#\/schema\/logo\/image\/\"},\"sameAs\":[\"https:\/\/www.facebook.com\/kanadrinksoriginal\/\",\"https:\/\/www.instagram.com\/kanadrinksoriginal\/\"]}]}<\/script>\n<!-- \/ Yoast SEO plugin. -->","yoast_head_json":{"title":"CLOTHES SHOP - Kanadrinks | Naturally Fresh","description":"Discover our Kanadrinks products : delicious hemp infused drinks and cool clothes including sweatshirts and beannies.","robots":{"index":"index","follow":"follow","max-snippet":"max-snippet:-1","max-image-preview":"max-image-preview:large","max-video-preview":"max-video-preview:-1"},"canonical":"https:\/\/kanadrinks.com\/en\/shop-clothes\/","og_locale":"en_US","og_type":"article","og_title":"Shop clothes","og_description":"Discover our Kanadrinks products : delicious hemp infused drinks and cool clothes including sweatshirts and beannies.","og_url":"https:\/\/kanadrinks.com\/en\/shop-clothes\/","og_site_name":"Kanadrinks | Naturally Fresh","article_publisher":"https:\/\/www.facebook.com\/kanadrinksoriginal\/","article_modified_time":"2025-05-27T10:15:39+00:00","og_image":[{"url":"https:\/\/kanadrinks.com\/wp-content\/uploads\/2022\/03\/Rose-front-1000x842.png","type":"","width":"","height":""}],"twitter_card":"summary_large_image","twitter_title":"Shop clothes","twitter_description":"Discover our Kanadrinks products : delicious hemp infused drinks and cool clothes including sweatshirts and beannies.","twitter_misc":{"Est. reading time":"2 minutes"},"schema":{"@context":"https:\/\/schema.org","@graph":[{"@type":"WebPage","@id":"https:\/\/kanadrinks.com\/en\/shop-clothes\/","url":"https:\/\/kanadrinks.com\/en\/shop-clothes\/","name":"CLOTHES SHOP - Kanadrinks | Naturally Fresh","isPartOf":{"@id":"https:\/\/kanadrinks.com\/en\/#website"},"primaryImageOfPage":{"@id":"https:\/\/kanadrinks.com\/en\/shop-clothes\/#primaryimage"},"image":{"@id":"https:\/\/kanadrinks.com\/en\/shop-clothes\/#primaryimage"},"thumbnailUrl":"https:\/\/kanadrinks.com\/wp-content\/uploads\/2022\/03\/Rose-front-1000x842.png","datePublished":"2022-03-24T17:15:47+00:00","dateModified":"2025-05-27T10:15:39+00:00","description":"Discover our Kanadrinks products : delicious hemp infused drinks and cool clothes including sweatshirts and beannies.","breadcrumb":{"@id":"https:\/\/kanadrinks.com\/en\/shop-clothes\/#breadcrumb"},"inLanguage":"en-US","potentialAction":[{"@type":"ReadAction","target":["https:\/\/kanadrinks.com\/en\/shop-clothes\/"]}]},{"@type":"ImageObject","inLanguage":"en-US","@id":"https:\/\/kanadrinks.com\/en\/shop-clothes\/#primaryimage","url":"https:\/\/kanadrinks.com\/wp-content\/uploads\/2022\/03\/Rose-front-1000x842.png","contentUrl":"https:\/\/kanadrinks.com\/wp-content\/uploads\/2022\/03\/Rose-front-1000x842.png"},{"@type":"BreadcrumbList","@id":"https:\/\/kanadrinks.com\/en\/shop-clothes\/#breadcrumb","itemListElement":[{"@type":"ListItem","position":1,"name":"Accueil","item":"https:\/\/kanadrinks.com\/en\/kanadrinks-home\/"},{"@type":"ListItem","position":2,"name":"CLOTHES SHOP"}]},{"@type":"WebSite","@id":"https:\/\/kanadrinks.com\/en\/#website","url":"https:\/\/kanadrinks.com\/en\/","name":"Kanadrinks | Naturally Fresh","description":"Des jus de fruits p\u00e9tillants","publisher":{"@id":"https:\/\/kanadrinks.com\/en\/#organization"},"potentialAction":[{"@type":"SearchAction","target":{"@type":"EntryPoint","urlTemplate":"https:\/\/kanadrinks.com\/en\/?s={search_term_string}"},"query-input":{"@type":"PropertyValueSpecification","valueRequired":true,"valueName":"search_term_string"}}],"inLanguage":"en-US"},{"@type":"Organization","@id":"https:\/\/kanadrinks.com\/en\/#organization","name":"Kanadrinks.com","url":"https:\/\/kanadrinks.com\/en\/","logo":{"@type":"ImageObject","inLanguage":"en-US","@id":"https:\/\/kanadrinks.com\/en\/#\/schema\/logo\/image\/","url":"https:\/\/kanadrinks.com\/wp-content\/uploads\/2022\/03\/cropped-Logo-Kanadrinks.png","contentUrl":"https:\/\/kanadrinks.com\/wp-content\/uploads\/2022\/03\/cropped-Logo-Kanadrinks.png","width":512,"height":512,"caption":"Kanadrinks.com"},"image":{"@id":"https:\/\/kanadrinks.com\/en\/#\/schema\/logo\/image\/"},"sameAs":["https:\/\/www.facebook.com\/kanadrinksoriginal\/","https:\/\/www.instagram.com\/kanadrinksoriginal\/"]}]}},"_links":{"self":[{"href":"https:\/\/kanadrinks.com\/en\/wp-json\/wp\/v2\/pages\/31299","targetHints":{"allow":["GET"]}}],"collection":[{"href":"https:\/\/kanadrinks.com\/en\/wp-json\/wp\/v2\/pages"}],"about":[{"href":"https:\/\/kanadrinks.com\/en\/wp-json\/wp\/v2\/types\/page"}],"author":[{"embeddable":true,"href":"https:\/\/kanadrinks.com\/en\/wp-json\/wp\/v2\/users\/1"}],"replies":[{"embeddable":true,"href":"https:\/\/kanadrinks.com\/en\/wp-json\/wp\/v2\/comments?post=31299"}],"version-history":[{"count":7,"href":"https:\/\/kanadrinks.com\/en\/wp-json\/wp\/v2\/pages\/31299\/revisions"}],"predecessor-version":[{"id":32495,"href":"https:\/\/kanadrinks.com\/en\/wp-json\/wp\/v2\/pages\/31299\/revisions\/32495"}],"wp:attachment":[{"href":"https:\/\/kanadrinks.com\/en\/wp-json\/wp\/v2\/media?parent=31299"}],"curies":[{"name":"wp","href":"https:\/\/api.w.org\/{rel}","templated":true}]}}